{"id":2635,"date":"2022-01-14T17:33:08","date_gmt":"2022-01-14T16:33:08","guid":{"rendered":"https:\/\/alesifko.si\/?page_id=2635"},"modified":"2024-12-06T12:35:24","modified_gmt":"2024-12-06T11:35:24","slug":"dozivetja-strank","status":"publish","type":"page","link":"https:\/\/alesifko.si\/index.php\/dozivetja-strank\/","title":{"rendered":"Mnenja strank"},"content":{"rendered":"\n<p><\/p>\n\n\n\n<blockquote class=\"wp-block-quote is-layout-flow wp-block-quote-is-layout-flow\">\n<p><\/p>\n<cite>INDIVIDUALNA GONG KOPEL<\/cite><\/blockquote>\n\n\n\n<p>V teh dneh, tednih se z mnogimi pogovarjam, sre\u010dujem in skoraj vsi delimo iste misli, poglede: da zdaj kot kdajkoli prej morda potrebujemo \u010das zase, ve\u010d spanja, ve\u010d dejavnosti, ki so nam ljube, ve\u010d \u010dasa v naravi, ve\u010d \u010dasa v meditaciji, sprostitvi &#8211; torej vsega tistega, kar nas sprosti, umiri \u017eiv\u010dni sistem, nas popelje vase. Ta teden si jemljem ve\u010d \u010dasa zase, manj delam, ve\u010d se spro\u0161\u010dam. Odkar ima Ale\u0161 svoj prostor Gong Oaza, kjer nudi terapije, se tudi sama rada povabim k njemu na sprostitev. Tako sem bila prvi\u010d na gong sprostitvi sama, individualno. Mnogokrat v skupini, tokrat pa sama. Kaj naj re\u010dem? Lepo, spro\u0161\u010dujo\u010de, \u010das in ob\u010dutek, kjer energija in vibracija gonga te\u010deta in delata samo zame, da proces v meni poteka tam, kjer najbolj rabim. Tako, da priporo\u010dam, da poskusite, si vzamete \u010das zase.<\/p>\n\n\n\n<p><em>Tatjana<\/em><\/p>\n\n\n\n<blockquote class=\"wp-block-quote is-layout-flow wp-block-quote-is-layout-flow\">\n<p><\/p>\n<cite>ZVO\u010cNA MASA\u017dA S TIBETANSKIMI POSODAMI<\/cite><\/blockquote>\n\n\n\n<p>Veseli december se je \u017ee za\u010del. Jaz sem si \u017ee privo\u0161\u010dila darilo, sama najbolj vem, kaj rabim. Tole pa res priporo\u010dam. Tibetanske posode, zraven pa se uporablja \u0161e cel kup \u010dudovitih glasbil (koshi zvon\u010dki, nevemkajvse) &#8211; v glavnem, meni je \u010darobno. Individualno je reees \u010disto nekaj drugega. Ko \u010duti\u0161 vibracije, ti premiga vse celice, vse kapilare. Nekje sem sli\u0161ala, da imajo v Avstriji tovrstne storitve celo na koncesijo oz. recept, kje smo \u0161e mi.<\/p>\n\n\n\n<p><em>Marija<\/em><\/p>\n\n\n\n<blockquote class=\"wp-block-quote is-layout-flow wp-block-quote-is-layout-flow\">\n<p><\/p>\n<cite>SKUPINSKA GONG KOPEL<\/cite><\/blockquote>\n\n\n\n<p>Gong &#8211; starodavni in\u0161trument, ki popelje \u010dloveka s svojim zvokom v misti\u010dni svet, kjer se lahko zgodijo neverjetne stvari, \u010de si to le dovolimo. Da imajo frekvence gonga zdravilno mo\u010d, zagotovo dr\u017ei, kajti zvok prodre v vsako celico na\u0161ega telesa in ko se to zgodi, se spro\u017eijo v nas neverjetne stvari, ki imajo zdravilni u\u010dinek. Gong kopel mora \u010dlovek enostavno do\u017eiveti, da izkusi \u010dude\u017eno mo\u010d njegovih vibracij. Zvok gonga na skupinski gong kopeli pa vsakokrat \u010dudovito dopolnijo \u0161e zvoki drugih in\u0161trumentov (tibetanske pojo\u010de posode, koshi zvon\u010dki, de\u017ene palice, \u0161amanski boben, ting\u0161a in \u0161e kaj). Na skupinskem gong popotovanju do\u017eivi vsak svojo izku\u0161njo. Moja je vedno izjemna, kajti vsi ti in\u0161trumenti mi odpirajo vrata v svet onkraj znanega, kjer \u010dlovek spozna, da obstaja \u0161e veliko ve\u010d, kot svet, ki ga gleda skozi \u010dlove\u0161ke o\u010di.&nbsp;<\/p>\n\n\n\n<p><em>Monika<\/em><\/p>\n\n\n\n<blockquote class=\"wp-block-quote is-layout-flow wp-block-quote-is-layout-flow\">\n<p><\/p>\n<cite>ONLINE ZVO\u010cNA KOPEL<\/cite><\/blockquote>\n\n\n\n<p>Dogodki zadnjega obdobja so zahtevali nekaj sprememb in tako sem se lani odlo\u010dila za spletno zvo\u010dno kopel v udobju svojega doma. Prvi\u010d sem bila na zvo\u010dni kopeli na daljavo &#8211; preko spleta z Ale\u0161em, povsem po trenutnem navdihu. Od prej sem vajena zvo\u010dne kopeli s tibetanskimi posodami v \u017eivo. V\u0161e\u010d mi je tudi de\u017ena palica. Nova izku\u0161nja sprostitve z ve\u010d vrstami glasbil pa je prav tako zanimiva in pozitivna. Vse poteka zelo preprosto \u2013 privo\u0161\u010dimo si \u010das samo zase, udobno se namestimo, zapremo o\u010di, sprostimo telo, umirimo misli in v miru prisluhnemo zvokom glasbil, se prepustimo vibracijam in se tako napolnimo z novo, dobro energijo. \u010ce ne uspemo prisluhniti ob dolo\u010deni uri ali \u010de med spro\u0161\u010danjem zaspimo, kar se je zgodilo meni, imamo \u0161e nekaj \u010dasa na voljo posnetek na spletu, da mu ponovno prisluhnemo. Po zvo\u010dni kopeli se po\u010dutim dobro. Ko je \u010dlovek spro\u0161\u010den in umirjen se bolje po\u010duti, la\u017eje kreira, sledi svoji intuiciji, vidi in do\u017eivlja veliko ve\u010d lepih trenutkov, \u017eivi. Izku\u0161nja zvo\u010dne kopeli na daljavo z Ale\u0161em je bila prava izbira. Dobre vibracije in energija nas dose\u017eejo povsod, tudi preko spleta, \u010de si le vzamemo dovolj \u010dasa zase, za sprostitev in regeneracijo.&nbsp;Prisluhnite svojemu telesu in si privo\u0161\u010dite zvo\u010dno kopel, ko vas pokli\u010de. Veliko spro\u0161\u010denosti in veselja \u0161e naprej! Hvala Ale\u0161!<\/p>\n\n\n\n<p><em>Petra<\/em><\/p>\n\n\n\n<blockquote class=\"wp-block-quote is-layout-flow wp-block-quote-is-layout-flow\">\n<p><\/p>\n<cite>TESLA ENERGIJSKI SISTEM<\/cite><\/blockquote>\n\n\n\n<p>Odlo\u010dila sem se za terapijo na Teslinem energijskem sistemu. Ob prihodu sta me Ale\u0161 in sam prostor toplo sprejela (voda za hidracijo, solna lu\u010d, rastline \u2026). Izvedela sem, kako poteka storitev, nato pa se ulegla na blazino s Teslovo plo\u0161\u010do. Na o\u010di sem dobila blazinice s sivko, ki so me s svojim vonjem prijetno spro\u0161\u010dale. Vklopila sem gumb na napravi in potovanje se je za\u010delo. Moje telo je mo\u010dno in hitro vibriralo. Na trenutek sem imela ob\u010dutek, da bo moje noge odneslo s taboreja, da mi bodo hla\u010de zlezle dol, da se mi bo nedr\u010dek odpel \u2026 Seveda, ni\u010d od tega se ni zgodilo. Ko sem ugasnila napravo, so moje telo zajemali mo\u010dni valovi energije, ki so se razlivali po celem telesu. Nisem mogla verjeti, da je mogo\u010de do\u017eiveti tako mo\u010dan tok energije. V celoti sem se prepustila tem valovom in u\u017eivala. Nekoliko kasneje, je Ale\u0161 rekel, da lahko vstanem, ampak nisem mogla. Energija je bila \u0161e vedno zelo mo\u010dna in sem morala po\u010dakati, da se je po\u010dasi ustavila. Ko sem vstala in za\u010dela hoditi, sem imela ob\u010dutek, kot da lebdim nad tlemi. Po\u010dutila sem se zelo lahko. Vsekakor izjemno do\u017eivetje, ki ga priporo\u010dam vsem.<\/p>\n\n\n\n<p><em>Lidija<\/em><\/p>\n\n\n\n<blockquote class=\"wp-block-quote is-layout-flow wp-block-quote-is-layout-flow\">\n<p><\/p>\n<cite>TESLA ENERGIJSKI SISTEM<\/cite><\/blockquote>\n\n\n\n<p>Ale\u0161evo mamljivo vabilo na Teslovo blazino na Facebooku me je v trenutku intuitivno pritegnilo, saj mi je telo \u017ee nekaj \u010dasa signaliziralo iz\u017eetost na ve\u010d ravneh&#8230; in \u017ee sem, po uvodnem spro\u0161\u010denem klepetu, ko \u010duti\u0161 pretakanje podobnih energij, le\u017eala na Teslovi blazini&#8230; prvih nekaj minut, ko so Teslovi valovi \u017ee ustvarjali \u0161e ne \u010duteno ravnovesje, sem se v mentalu ukvarjala s pri\u010dakovanji in analiziranjem, a na moje za\u010dudenje je brez napora lahkotno izginilo kmalu za tem&#8230; samo bila sem, prazna in prepu\u0161\u010dena valovom, ki so ob\u010dutno uravnove\u0161ali moje telo in razbijali energetske blokade&#8230; ob\u010dutila sem skoraj takoj\u0161njo izjemno spro\u0161\u010denost telesa, predvsem pa odsotnost miselnega procesa, za kar sem \u0161e posebej hvale\u017ena&#8230; za\u010dutila sem, da je to na\u0161e primarno stanje, v katerem bi naj ves \u010das bivali, osredi\u0161\u010deni in povezani&#8230; pol ure te krep\u010dilne energije se je zdelo kot hitro minljiva minuta&#8230; pa vendar sem negibna oble\u017eala \u0161e dobrih 10 minut in do\u017eivljala skoraj neopisljivo: ko sem pritisnila na gumb za izklop da vstanem, sem oble\u017eala v nepri\u010dakovanem&#8230; Teslovi valovi so se za\u010deli \u0161iriti po celotnem telesu in dobesedno pre\u017eeli vsako celico&#8230; bilo je resni\u010dno bo\u017eansko spro\u0161\u010dujo\u010de, zlahka re\u010dem, bolj\u0161e od masa\u017ee:-) &#8230; v vseh pogledih vredno \u0161tevilnih ponovitev v na\u0161em tako natrpanem in stresnem vsakdanu&#8230; hvale\u017ena za izku\u0161njo.<\/p>\n\n\n\n<p><em>Nata\u0161a<\/em><\/p>\n\n\n\n<blockquote class=\"wp-block-quote is-layout-flow wp-block-quote-is-layout-flow\">\n<p><\/p>\n<cite>TESLA ENERGIJSKI SISTEM<\/cite><\/blockquote>\n\n\n\n<p>Meditacija, vibracija, sprostitev &#8211; rada preizku\u0161am nove stvari, \u010deprav se potem ve\u010dinoma dr\u017eim tistih, ki zame najbolj delujejo.  Lani sem prvi\u010d sedela na Tesla energijski plo\u0161\u010di &#8211; vibracija, sprostitev in notranji vpogled so bili mo\u010dni. Na plo\u0161\u010do ne grem pogosto, ampak takrat ko za\u010dutim, da me pokli\u010de, oz. ko se oglasi moje telo, da rabi nekaj mo\u010dnega, nekaj kar temelji na kvantni fiziki, nekaj kar pozdravi v globino\u2026 Takrat se prepustim tej vibraciji in u\u010dinek \u010dutim \u0161e dolgooo, dolgo\u2026.  Zelo priporo\u010dam, predvsem tudi vsem, ki ste pred kratkim kaj preboleli\u2026. Spoznanja Nikole Tesle in Winfrieda O. Schumanna so se zdru\u017eila v edinstvenem energijskem sistemu, ki omogo\u010da, da se telo in duh povrneta v svoj naravni red in ritem.<br><br><em>Tatjana<\/em><\/p>\n","protected":false},"excerpt":{"rendered":"<p>INDIVIDUALNA GONG KOPEL V teh dneh, tednih se z mnogimi pogovarjam, sre\u010dujem in skoraj vsi delimo iste misli, poglede: da zdaj kot kdajkoli prej morda potrebujemo \u010das zase, ve\u010d spanja, ve\u010d dejavnosti, ki so nam ljube, ve\u010d \u010dasa v naravi, ve\u010d \u010dasa v meditaciji, sprostitvi &#8211; torej vsega tistega, kar nas sprosti, umiri \u017eiv\u010dni sistem, &hellip; <\/p>\n<p class=\"link-more\"><a href=\"https:\/\/alesifko.si\/index.php\/dozivetja-strank\/\" class=\"more-link\">Preberi ve\u010d<span class=\"screen-reader-text\"> &#8220;Mnenja strank&#8221;<\/span><\/a><\/p>\n","protected":false},"author":1,"featured_media":0,"parent":0,"menu_order":0,"comment_status":"closed","ping_status":"closed","template":"","meta":{"footnotes":""},"class_list":["post-2635","page","type-page","status-publish","hentry"],"aioseo_notices":[],"jetpack_sharing_enabled":true,"_links":{"self":[{"href":"https:\/\/alesifko.si\/index.php\/wp-json\/wp\/v2\/pages\/2635","targetHints":{"allow":["GET"]}}],"collection":[{"href":"https:\/\/alesifko.si\/index.php\/wp-json\/wp\/v2\/pages"}],"about":[{"href":"https:\/\/alesifko.si\/index.php\/wp-json\/wp\/v2\/types\/page"}],"author":[{"embeddable":true,"href":"https:\/\/alesifko.si\/index.php\/wp-json\/wp\/v2\/users\/1"}],"replies":[{"embeddable":true,"href":"https:\/\/alesifko.si\/index.php\/wp-json\/wp\/v2\/comments?post=2635"}],"version-history":[{"count":59,"href":"https:\/\/alesifko.si\/index.php\/wp-json\/wp\/v2\/pages\/2635\/revisions"}],"predecessor-version":[{"id":3845,"href":"https:\/\/alesifko.si\/index.php\/wp-json\/wp\/v2\/pages\/2635\/revisions\/3845"}],"wp:attachment":[{"href":"https:\/\/alesifko.si\/index.php\/wp-json\/wp\/v2\/media?parent=2635"}],"curies":[{"name":"wp","href":"https:\/\/api.w.org\/{rel}","templated":true}]}}