{"id":2906,"date":"2022-03-12T15:43:35","date_gmt":"2022-03-12T14:43:35","guid":{"rendered":"https:\/\/alesifko.si\/?page_id=2906"},"modified":"2026-02-18T10:21:21","modified_gmt":"2026-02-18T09:21:21","slug":"promocija-zdravja-na-delovnem-mestu","status":"publish","type":"page","link":"https:\/\/alesifko.si\/index.php\/promocija-zdravja-na-delovnem-mestu\/","title":{"rendered":"Promocija zdravja na delovnem mestu"},"content":{"rendered":"\n<p><strong>EDINSTVENA PROMOCIJA ZDRAVJA NA DELOVNEM MESTU ZA VA\u0160 TEAM!<\/strong><br><br>Ste vedeli, da je kar 50 &#8211; 60 % bolni\u0161kih odsotnosti povezanih s stresom? Da je stres nekaj popolnoma vsakdanjega, vemo \u017ee skoraj vsi. Res je, da nekaj stresa potrebujemo za svoje vsakodnevno delovanje, in res je, da ni vsak stres slab. Je pa \u0161kodljiv, \u010de traja dlje \u010dasa in \u010de ga je preve\u010d.<br><\/p>\n\n\n\n<figure class=\"wp-block-image size-full\"><img loading=\"lazy\" decoding=\"async\" width=\"800\" height=\"600\" src=\"https:\/\/alesifko.si\/wp-content\/uploads\/2022\/03\/promocija-zdravja-na-delovnem-mestu-1.jpg\" alt=\"promocija zdravja na delovnem mestu\" class=\"wp-image-2912\" title=\"promocija zdravja na delovnem mestu\" srcset=\"https:\/\/alesifko.si\/wp-content\/uploads\/2022\/03\/promocija-zdravja-na-delovnem-mestu-1.jpg 800w, https:\/\/alesifko.si\/wp-content\/uploads\/2022\/03\/promocija-zdravja-na-delovnem-mestu-1-300x225.jpg 300w, https:\/\/alesifko.si\/wp-content\/uploads\/2022\/03\/promocija-zdravja-na-delovnem-mestu-1-768x576.jpg 768w, https:\/\/alesifko.si\/wp-content\/uploads\/2022\/03\/promocija-zdravja-na-delovnem-mestu-1-400x300.jpg 400w\" sizes=\"auto, (max-width: 767px) 89vw, (max-width: 1000px) 54vw, (max-width: 1071px) 543px, 580px\" \/><\/figure>\n\n\n\n<p>Zdravje je podlaga za dobro in uspe\u0161no \u017eivljenje in delo tako za posameznika kot za organizacijo. Skrb za ohranjanje in izbolj\u0161evanje zdravja zaposlenih je smotrna, saj so zdravi in zadovoljni delavci, ki delajo v varnem in spodbudnem delovnem okolju produktivnej\u0161i in ustvarjalnej\u0161i, redkeje zbolijo in redkeje odhajajo v bolni\u0161ki sta\u017e ter ostajajo zvesti delodajalcu. Delodajalec, ki nudi dobro in stimulativno delovno okolje, la\u017eje zaposli kvalitetnej\u0161i kader in pridobi na javnem ugledu. Promocija zdravja na delovnem mestu predstavlja enega najbolj donosnih vlaganj za delodajalca.<br><br>Za vas imamo pripravljeno edinstveno delavnico &#8211; zvo\u010dno Gong kopel. Do\u017eivetje, kjer so bodo lahko va\u0161i zaposleni kon\u010dno globoko sprostili od zunanjega sveta in se okrepili za vse \u017eivljenjske izzive, ki jim prihajajo naproti.<br><br>Gong kopel je poglobljeno zvo\u010dno do\u017eivetje. Med kopeljo udobno le\u017eite pred glasbilom Gong in drugimi prvinskimi glasbili in poslu\u0161ate edinstvene tone, ko vas preplavljajo zvo\u010dni valovi in vas \u2018okopajo\u2019 v blagodejnem zvoku. Pomirjujo\u010d zvok bo va\u0161 um brez te\u017eav popeljal v meditativno stanje, medtem ko vibracije po\u017eivijo va\u0161e telo in pomagajo sprostiti vso nabrano napetost. Na koncu se boste po\u010dutili izjemno spro\u0161\u010deno, lahkotno, mirno in sre\u010dno.<\/p>\n\n\n\n<figure class=\"wp-block-image size-full\"><img loading=\"lazy\" decoding=\"async\" width=\"800\" height=\"533\" src=\"https:\/\/alesifko.si\/wp-content\/uploads\/2022\/03\/promocija-zdravja-na-delovnem-mestu-2.jpg\" alt=\"promocija zdravja na delovnem mestu\" class=\"wp-image-2914\" title=\"promocija zdravja na delovnem mestu\" srcset=\"https:\/\/alesifko.si\/wp-content\/uploads\/2022\/03\/promocija-zdravja-na-delovnem-mestu-2.jpg 800w, https:\/\/alesifko.si\/wp-content\/uploads\/2022\/03\/promocija-zdravja-na-delovnem-mestu-2-300x200.jpg 300w, https:\/\/alesifko.si\/wp-content\/uploads\/2022\/03\/promocija-zdravja-na-delovnem-mestu-2-768x512.jpg 768w, https:\/\/alesifko.si\/wp-content\/uploads\/2022\/03\/promocija-zdravja-na-delovnem-mestu-2-421x280.jpg 421w\" sizes=\"auto, (max-width: 767px) 89vw, (max-width: 1000px) 54vw, (max-width: 1071px) 543px, 580px\" \/><\/figure>\n\n\n\n<p>Poleg tega, da nas Gong kopel hitro spravi v stanje globoke sprostitve, harmonizira vsako posamezno telesno celico z zvo\u010dnimi vibracijami, odpravlja blokade v telesu in aktivira na\u0161e notranje mo\u010di za samozdravljenje. Okrepi imunski sistem, zmanj\u0161uje stres in du\u0161evno napetost, pove\u010da intuicijo in radost do \u017eivljenja, zvi\u0161uje stopnjo zavedanja, izbolj\u0161uje spanec in kvaliteto \u017eivljenja. Pozitivno vpliva tudi na samozavest, ustvarjalnost in produktivno energijo.<\/p>\n\n\n\n<p>Za udele\u017ebo na Gong kopeli ni potrebnega nobenega predznanja iz meditacijskih praks, le prepustiti se je potrebno procesu in zaupati, ostalo pa naredijo harmoni\u010dni zvoki, frekvence in vibracije Gonga. Zvo\u010dna Gong kopel poteka v le\u017ee\u010dem polo\u017eaju in zaprtimi o\u010dmi, ker smo takrat najbolj spro\u0161\u010deni. S sabo prinesete udobno le\u017ealno podlogo, odejo, lahko tudi vzglavnik. <\/p>\n\n\n\n<p>Sprostitvena delavnica ~ zvo\u010dna Gong kopel traja od 60 do 90 minut. Zajema uvodno predstavitev, izvedbo, va\u0161a morebitna vpra\u0161anja in mo\u017een preizkus igranja na glasbila.<br><br><strong>MO\u017dNA IZVEDBA GONG KOPELI V OKVIRU PROMOCIJE ZDRAVJA NA DELOVNEM MESTU ALI TEAMBUILDING DELAVNICE<\/strong><br><br>Sem Ale\u0161 Ifko, zvo\u010dni kreator in ustanovitelj Centra ravnovesja, ki \u0161iri blagodejni zvok, vibracije in frekvence Gonga in drugih prvinskih glasbil med ljudi, ki i\u0161\u010dejo globinsko sprostitev telesa, uma in duha, stik s sabo in ravnovesje na vseh podro\u010djih. Imam ve\u010dletne izku\u0161nje in mnogo \u010dudovitih sodelovanj s podjetji, vrtci, \u0161olami, dru\u0161tvi, zavodi in termami, v Sloveniji kot tudi v tujini.<br><br>Za vse dodatne informacije, vpra\u0161anja in usklajevanja glede terminov, sem vam na voljo.<br><br><strong>T:\u00a0<\/strong>031-702-583<br><strong>E:\u00a0<\/strong>alesifko@gmail.com<\/p>\n\n\n\n<p>Sledite mi lahko na <strong><a href=\"https:\/\/www.facebook.com\/GongOaza\" target=\"_blank\" rel=\"noreferrer noopener\">Facebooku<\/a> <\/strong>in <strong><a href=\"https:\/\/www.instagram.com\/gongoaza\/\" target=\"_blank\" rel=\"noreferrer noopener\">Instagramu<\/a>.<\/strong><br><\/p>\n","protected":false},"excerpt":{"rendered":"<p>EDINSTVENA PROMOCIJA ZDRAVJA NA DELOVNEM MESTU ZA VA\u0160 TEAM! Ste vedeli, da je kar 50 &#8211; 60 % bolni\u0161kih odsotnosti povezanih s stresom? Da je stres nekaj popolnoma vsakdanjega, vemo \u017ee skoraj vsi. Res je, da nekaj stresa potrebujemo za svoje vsakodnevno delovanje, in res je, da ni vsak stres slab. Je pa \u0161kodljiv, \u010de &hellip; <\/p>\n<p class=\"link-more\"><a href=\"https:\/\/alesifko.si\/index.php\/promocija-zdravja-na-delovnem-mestu\/\" class=\"more-link\">Preberi ve\u010d<span class=\"screen-reader-text\"> &#8220;Promocija zdravja na delovnem mestu&#8221;<\/span><\/a><\/p>\n","protected":false},"author":1,"featured_media":2914,"parent":0,"menu_order":0,"comment_status":"closed","ping_status":"closed","template":"","meta":{"footnotes":""},"class_list":["post-2906","page","type-page","status-publish","has-post-thumbnail","hentry"],"aioseo_notices":[],"jetpack_sharing_enabled":true,"_links":{"self":[{"href":"https:\/\/alesifko.si\/index.php\/wp-json\/wp\/v2\/pages\/2906","targetHints":{"allow":["GET"]}}],"collection":[{"href":"https:\/\/alesifko.si\/index.php\/wp-json\/wp\/v2\/pages"}],"about":[{"href":"https:\/\/alesifko.si\/index.php\/wp-json\/wp\/v2\/types\/page"}],"author":[{"embeddable":true,"href":"https:\/\/alesifko.si\/index.php\/wp-json\/wp\/v2\/users\/1"}],"replies":[{"embeddable":true,"href":"https:\/\/alesifko.si\/index.php\/wp-json\/wp\/v2\/comments?post=2906"}],"version-history":[{"count":21,"href":"https:\/\/alesifko.si\/index.php\/wp-json\/wp\/v2\/pages\/2906\/revisions"}],"predecessor-version":[{"id":4117,"href":"https:\/\/alesifko.si\/index.php\/wp-json\/wp\/v2\/pages\/2906\/revisions\/4117"}],"wp:featuredmedia":[{"embeddable":true,"href":"https:\/\/alesifko.si\/index.php\/wp-json\/wp\/v2\/media\/2914"}],"wp:attachment":[{"href":"https:\/\/alesifko.si\/index.php\/wp-json\/wp\/v2\/media?parent=2906"}],"curies":[{"name":"wp","href":"https:\/\/api.w.org\/{rel}","templated":true}]}}