{"id":34,"date":"2020-10-19T21:01:14","date_gmt":"2020-10-19T19:01:14","guid":{"rendered":"https:\/\/alesifko.si\/?page_id=34"},"modified":"2026-02-18T10:22:32","modified_gmt":"2026-02-18T09:22:32","slug":"zvocna-gong-kopel","status":"publish","type":"page","link":"https:\/\/alesifko.si\/index.php\/zvocna-gong-kopel\/","title":{"rendered":"Zvo\u010dna Gong kopel"},"content":{"rendered":"\n<p style=\"font-size:16px\"><strong>ZVO\u010cNA GONG KOPEL <strong>~<\/strong> OAZA ZA DU\u0160O, TELO IN UM<\/strong> <strong>~<\/strong><\/p>\n\n\n\n<p>Gong je starodavno glasbilo, ki nas s svojim edinstvenim in prvinskim zvokom postopoma ter ne\u017eno ponese v globoko meditativno stanje, kjer se po\u010dasi izgublja ob\u010dutek za \u010das in prostor, ki smo ga navajeni. V tem stanju se na\u0161e mo\u017egansko valovanje upo\u010dasnjuje in prehajamo v stanje globoke spro\u0161\u010denosti, notranjega miru in stika s sabo. Ko se dovolj sprostimo, se aktivira na\u0161a notranja intelegenca, ki v nas aktivira proces samozdravljenja in transformacijo zavesti.<\/p>\n\n\n\n<figure class=\"wp-block-image size-large\"><img loading=\"lazy\" decoding=\"async\" width=\"700\" height=\"521\" src=\"https:\/\/alesifko.si\/wp-content\/uploads\/2021\/07\/gong-meditacija-1.jpg\" alt=\"gong meditacija\" class=\"wp-image-940\" title=\"gong meditacija\" srcset=\"https:\/\/alesifko.si\/wp-content\/uploads\/2021\/07\/gong-meditacija-1.jpg 700w, https:\/\/alesifko.si\/wp-content\/uploads\/2021\/07\/gong-meditacija-1-300x223.jpg 300w\" sizes=\"auto, (max-width: 700px) 100vw, 700px\" \/><figcaption class=\"wp-element-caption\">Prvinski Gong, ki je naravnan na frekvenco planeta Zemlja<\/figcaption><\/figure>\n\n\n\n<p>Za udele\u017ebo na gong kopeli ni potrebnega nobenega predznanja iz meditacijskih praks, le prepustiti se je potrebno procesu in zaupati, ostalo pa naredijo in aktivirajo harmoni\u010dni zvoki, frekvence in vibracije gonga.<\/p>\n\n\n\n<p>Gong proizvaja zvok po principu zlatega reza, bolj znano Fibonaccijevo zaporedje in nas harmonizira ter podpira na vseh nivojih na\u0161ega bivanja &#8211; na fizi\u010dnem, \u010dustvenem, psiholo\u0161kem, spiritualnem, celi\u010dnem in kvantnem nivoju. Ker je na\u0161e telo sestavljeno iz velikega dele\u017ea vode, smo \u010dlove\u0161ka bitja idealna za odli\u010den prenos prenos zvo\u010dnih valov, vibracij, frekvenc gonga na celotno telo.<\/p>\n\n\n\n<p style=\"font-size:16px\"><strong>FREKVENCA VIBRACIJE ZDRAVEGA \u010cLOVE\u0160KEGA TELESA JE 60 &#8211; 70 HZ<\/strong><\/p>\n\n\n\n<p>Pri boleznih se frekvenca zmanj\u0161a, najizraziteje v organih, ki so v slab\u0161em stanju. Ker Gong vibrira s frekvenco nad 100 Hz se v nas aktivira sposobnost dviga frekvence, vzpostavlja se ravnovesje &#8211; homeostaza, ki nam omogo\u010di izvorno delovanje na\u0161ega bitja.<\/p>\n\n\n\n<figure class=\"wp-block-image size-full\"><img loading=\"lazy\" decoding=\"async\" width=\"800\" height=\"534\" src=\"https:\/\/alesifko.si\/wp-content\/uploads\/2021\/11\/gong-kopel.jpg\" alt=\"gong kopel\" class=\"wp-image-2368\" title=\"gong kopel\" srcset=\"https:\/\/alesifko.si\/wp-content\/uploads\/2021\/11\/gong-kopel.jpg 800w, https:\/\/alesifko.si\/wp-content\/uploads\/2021\/11\/gong-kopel-300x200.jpg 300w, https:\/\/alesifko.si\/wp-content\/uploads\/2021\/11\/gong-kopel-768x513.jpg 768w, https:\/\/alesifko.si\/wp-content\/uploads\/2021\/11\/gong-kopel-421x281.jpg 421w\" sizes=\"auto, (max-width: 767px) 89vw, (max-width: 1000px) 54vw, (max-width: 1071px) 543px, 580px\" \/><\/figure>\n\n\n\n<p style=\"font-size:16px\"><strong>KORISTI ZVO\u010cNE GONG KOPELI<\/strong><\/p>\n\n\n\n<ul class=\"wp-block-list\">\n<li><strong>Sprostitev in zmanj\u0161anje stresa<\/strong><br>Zvok gongov lahko pomaga pri sprostitvi telesa in uma, kar vodi v zmanj\u0161anje stresa, tesnobe in napetosti. Vibracije gongov povzro\u010dijo globoko sprostitev, ki pomaga umiriti \u017eiv\u010dni sistem.<\/li>\n<\/ul>\n\n\n\n<ul class=\"wp-block-list\">\n<li><strong>Pove\u010danje energije<\/strong><br>Zvo\u010dna gong kopel aktivira naravne energetske tokove v telesu, kar pripomore k ve\u010dji vitalnosti in ob\u010dutku notranje harmonije. Mnogi ljudje poro\u010dajo, da se po seansi po\u010dutijo napolnjeni z novo energijo.<\/li>\n<\/ul>\n\n\n\n<ul class=\"wp-block-list\">\n<li><strong>Izbolj\u0161anje spanja<\/strong><br>Zaradi pomirjevalnih u\u010dinkov gonga na \u017eiv\u010dni sistem, mnogi ljudje ugotovijo, da so po seansah globlje in bolj mirno spali.<\/li>\n<\/ul>\n\n\n\n<ul class=\"wp-block-list\">\n<li><strong>Pove\u010danje duhovne zavesti<\/strong><br>Zvo\u010dne gong kopeli pomagajo pri meditaciji in duhovnem razvoju. Zvok, ki ga ustvari gong, omogo\u010da vstop v globoko meditativno stanje, ki pomaga k ve\u010dji povezanosti s sabo in svetom okoli nas.<\/li>\n<\/ul>\n\n\n\n<ul class=\"wp-block-list\">\n<li><strong>Pomo\u010d pri telesnih te\u017eavah<\/strong><br>Vibracije gongov pozitivno vplivajo na telesne procese, kot so izbolj\u0161anje krvnega obtoka, uravnavanje krvnega tlaka in spodbujanje celjenja telesnih po\u0161kodb.<\/li>\n<\/ul>\n\n\n\n<ul class=\"wp-block-list\">\n<li><strong>Uravnove\u0161anje \u010daker<\/strong><br>Gongi se pogosto uporabljajo v terapevtskih seansah za uravnote\u017eenje in \u010di\u0161\u010denje energetskih centrov telesa (\u010dakre). Zvok gongov pomaga odpreti blokirane energetske poti in spodbuja pretok energije po celotnem telesu.<\/li>\n<\/ul>\n\n\n\n<ul class=\"wp-block-list\">\n<li><strong>Pove\u010danje ustvarjalnosti<\/strong><br>Zvok gonga spodbuja ustvarjalne misli in ob\u010dutke ter pomaga posamezniku, da se pove\u017ee z globljimi plasti svojega uma.<\/li>\n<\/ul>\n\n\n\n<figure class=\"wp-block-image size-large\"><img loading=\"lazy\" decoding=\"async\" width=\"1024\" height=\"768\" src=\"https:\/\/alesifko.si\/wp-content\/uploads\/2021\/09\/IMG_20210910_220744-1024x768.jpg\" alt=\"\" class=\"wp-image-1808\" title=\"zvo\u010dna meditacija\" srcset=\"https:\/\/alesifko.si\/wp-content\/uploads\/2021\/09\/IMG_20210910_220744-1024x768.jpg 1024w, https:\/\/alesifko.si\/wp-content\/uploads\/2021\/09\/IMG_20210910_220744-300x225.jpg 300w, https:\/\/alesifko.si\/wp-content\/uploads\/2021\/09\/IMG_20210910_220744-768x576.jpg 768w, https:\/\/alesifko.si\/wp-content\/uploads\/2021\/09\/IMG_20210910_220744-1536x1152.jpg 1536w, https:\/\/alesifko.si\/wp-content\/uploads\/2021\/09\/IMG_20210910_220744-2048x1536.jpg 2048w\" sizes=\"auto, (max-width: 767px) 89vw, (max-width: 1000px) 54vw, (max-width: 1071px) 543px, 580px\" \/><figcaption class=\"wp-element-caption\">Center ravnovesja v Murski Soboti<\/figcaption><\/figure>\n\n\n\n<p>Zvo\u010dne gong kopeli so zelo priljubljene zaradi svoje sposobnosti, da povzro\u010dijo globoko sprostitev in zdravilne u\u010dinke ter pomagajo pri usklajevanju telesa, uma in duha.<\/p>\n\n\n\n<p style=\"font-size:16px\"><strong>OD KOD PRIHAJA IZRAZ ZVO\u010cNA GONG KOPEL?<\/strong><\/p>\n\n\n\n<p>Gong kopel se izvaja v mirnih prostorih, ki ob aktiviranju napolni prostor z vibracijami, frekvencami in zvokom. Udele\u017eenec ali skupina se tako kopajo v harmoni\u010dnem zvo\u010dnem polju, ki jih ustvarijo prvinska glasbila.<\/p>\n\n\n\n<p>Zvo\u010dna gong kopel poteka v le\u017ee\u010dem polo\u017eaju in na udobni blazini, ker je takrat na\u0161e telo najbolj spro\u0161\u010deno. Priporo\u010dljivo je, da pridete udobno oble\u010deni. Blagodejne u\u010dinke lahko \u010dutimo takoj in \u0161e tudi nekaj dni po udele\u017ebi.<\/p>\n\n\n\n<figure class=\"wp-block-image size-large\"><img loading=\"lazy\" decoding=\"async\" width=\"700\" height=\"394\" src=\"https:\/\/alesifko.si\/wp-content\/uploads\/2021\/07\/gong-kopel-1.jpg\" alt=\"gong kopel\" class=\"wp-image-935\" title=\"gong kopel\" srcset=\"https:\/\/alesifko.si\/wp-content\/uploads\/2021\/07\/gong-kopel-1.jpg 700w, https:\/\/alesifko.si\/wp-content\/uploads\/2021\/07\/gong-kopel-1-300x169.jpg 300w\" sizes=\"auto, (max-width: 700px) 100vw, 700px\" \/><figcaption class=\"wp-element-caption\">Prvinska glasbila: Gong, Tibetanske pojo\u010de posode, Rainstick<\/figcaption><\/figure>\n\n\n\n<p style=\"font-size:16px\"><strong><strong>INDIVIDUALNA ZVO\u010cNA GONG KOPEL<\/strong><\/strong><\/p>\n\n\n\n<p>Z individualno gong kopeljo je celotna izku\u0161nja skrbno zasnovana od za\u010detka do konca samo za vas. Seansa se za\u010dne z uvodnim pogovorom in nameri obiska. Ko ste pripravljeni, se ule\u017eete na udobno blazino, po\u010dasi zaprete o\u010di in se prepustite zvo\u010dnemu polju gonga.<\/p>\n\n\n\n<p style=\"font-size:16px\"><strong><strong>ZA PODJETJA IN DRUGE ORGANIZACIJE<\/strong><\/strong><\/p>\n\n\n\n<p>Skupinska gong kopel je lahko odli\u010dna izbira tudi za podjetja, zavode, dru\u0161tva, \u0161ole, vrtce v okviru projektov promocije zdravja na delovnem mestu ali teambuilding delavnic.<\/p>\n\n\n\n<p style=\"font-size:16px\"><strong>ZA PARE<\/strong><\/p>\n\n\n\n<p>Za vse pare, ki \u017eelite skupaj do\u017eiveti blagodejne u\u010dinke gong kopeli in utrditi povezanost.<\/p>\n\n\n\n<p style=\"font-size:16px\"><strong>ONLINE ZVO\u010cNE KOPELI<\/strong><\/p>\n\n\n\n<p>Ob\u010dasno potekajo gong kopeli tudi preko spleta, aktualni termini so objavljeni v rubriki <a href=\"https:\/\/alesifko.si\/index.php\/blog\/\">Blog &amp; Dogodki<\/a><\/p>\n\n\n\n<p><strong>T:\u00a0<\/strong>031-702-583<br><strong>E:\u00a0<\/strong>alesifko@gmail.com<\/p>\n\n\n\n<p>Sledite mi lahko na&nbsp;<strong><a href=\"https:\/\/www.facebook.com\/GongOaza\" target=\"_blank\" rel=\"noreferrer noopener\">Facebooku<\/a>&nbsp;<\/strong>in&nbsp;<strong><a href=\"https:\/\/www.instagram.com\/gongoaza\/\" target=\"_blank\" rel=\"noreferrer noopener\">Instagramu<\/a>.<\/strong><\/p>\n\n\n\n<figure class=\"wp-block-image size-full\"><img loading=\"lazy\" decoding=\"async\" width=\"800\" height=\"533\" src=\"https:\/\/alesifko.si\/wp-content\/uploads\/2021\/11\/gong-meditacija.jpg\" alt=\"gong meditacija\" class=\"wp-image-2374\" title=\"gong meditacija\" srcset=\"https:\/\/alesifko.si\/wp-content\/uploads\/2021\/11\/gong-meditacija.jpg 800w, https:\/\/alesifko.si\/wp-content\/uploads\/2021\/11\/gong-meditacija-300x200.jpg 300w, https:\/\/alesifko.si\/wp-content\/uploads\/2021\/11\/gong-meditacija-768x512.jpg 768w, https:\/\/alesifko.si\/wp-content\/uploads\/2021\/11\/gong-meditacija-421x280.jpg 421w\" sizes=\"auto, (max-width: 767px) 89vw, (max-width: 1000px) 54vw, (max-width: 1071px) 543px, 580px\" \/><\/figure>\n","protected":false},"excerpt":{"rendered":"<p>ZVO\u010cNA GONG KOPEL ~ OAZA ZA DU\u0160O, TELO IN UM ~ Gong je starodavno glasbilo, ki nas s svojim edinstvenim in prvinskim zvokom postopoma ter ne\u017eno ponese v globoko meditativno stanje, kjer se po\u010dasi izgublja ob\u010dutek za \u010das in prostor, ki smo ga navajeni. V tem stanju se na\u0161e mo\u017egansko valovanje upo\u010dasnjuje in prehajamo v &hellip; <\/p>\n<p class=\"link-more\"><a href=\"https:\/\/alesifko.si\/index.php\/zvocna-gong-kopel\/\" class=\"more-link\">Preberi ve\u010d<span class=\"screen-reader-text\"> &#8220;Zvo\u010dna Gong kopel&#8221;<\/span><\/a><\/p>\n","protected":false},"author":1,"featured_media":0,"parent":0,"menu_order":2,"comment_status":"closed","ping_status":"closed","template":"","meta":{"footnotes":""},"class_list":["post-34","page","type-page","status-publish","hentry"],"aioseo_notices":[],"jetpack_sharing_enabled":true,"_links":{"self":[{"href":"https:\/\/alesifko.si\/index.php\/wp-json\/wp\/v2\/pages\/34","targetHints":{"allow":["GET"]}}],"collection":[{"href":"https:\/\/alesifko.si\/index.php\/wp-json\/wp\/v2\/pages"}],"about":[{"href":"https:\/\/alesifko.si\/index.php\/wp-json\/wp\/v2\/types\/page"}],"author":[{"embeddable":true,"href":"https:\/\/alesifko.si\/index.php\/wp-json\/wp\/v2\/users\/1"}],"replies":[{"embeddable":true,"href":"https:\/\/alesifko.si\/index.php\/wp-json\/wp\/v2\/comments?post=34"}],"version-history":[{"count":291,"href":"https:\/\/alesifko.si\/index.php\/wp-json\/wp\/v2\/pages\/34\/revisions"}],"predecessor-version":[{"id":4118,"href":"https:\/\/alesifko.si\/index.php\/wp-json\/wp\/v2\/pages\/34\/revisions\/4118"}],"wp:attachment":[{"href":"https:\/\/alesifko.si\/index.php\/wp-json\/wp\/v2\/media?parent=34"}],"curies":[{"name":"wp","href":"https:\/\/api.w.org\/{rel}","templated":true}]}}