{"id":797,"date":"2021-07-22T22:15:13","date_gmt":"2021-07-22T20:15:13","guid":{"rendered":"https:\/\/alesifko.si\/?page_id=797"},"modified":"2026-04-22T08:22:14","modified_gmt":"2026-04-22T06:22:14","slug":"o-meni","status":"publish","type":"page","link":"https:\/\/alesifko.si\/index.php\/o-meni\/","title":{"rendered":"O meni"},"content":{"rendered":"\n<p>Sem zvo\u010dni kreator, ki nudi <strong>blagodejni<\/strong> <strong>zvok <strong>~<\/strong> vibracije <strong><strong>~<\/strong><\/strong><\/strong> <strong>frekvence gonga<\/strong> ter drugih <strong>prvinskih glasbil <\/strong>za vse tiste, ki si \u017eelite globinske sprostitve telesa, uma in duha, stika s sabo, ravnovesja in stopiti na pot samospoznavanja.<\/p>\n\n\n\n<figure class=\"wp-block-image size-large\"><img loading=\"lazy\" decoding=\"async\" width=\"1024\" height=\"683\" src=\"https:\/\/alesifko.si\/wp-content\/uploads\/2020\/10\/gong-reiki-ales-ifko-1024x683.jpg\" alt=\"gong kopel\" class=\"wp-image-70\" srcset=\"https:\/\/alesifko.si\/wp-content\/uploads\/2020\/10\/gong-reiki-ales-ifko-1024x683.jpg 1024w, https:\/\/alesifko.si\/wp-content\/uploads\/2020\/10\/gong-reiki-ales-ifko-300x200.jpg 300w, https:\/\/alesifko.si\/wp-content\/uploads\/2020\/10\/gong-reiki-ales-ifko-768x512.jpg 768w, https:\/\/alesifko.si\/wp-content\/uploads\/2020\/10\/gong-reiki-ales-ifko-1536x1024.jpg 1536w, https:\/\/alesifko.si\/wp-content\/uploads\/2020\/10\/gong-reiki-ales-ifko.jpg 1728w\" sizes=\"auto, (max-width: 767px) 89vw, (max-width: 1000px) 54vw, (max-width: 1071px) 543px, 580px\" \/><\/figure>\n\n\n\n<p><\/p>\n\n\n\n<p>S holisti\u010dnim zvokom gonga sem se spoznal \u017ee v letu 2011 in ga radostno ponesel v svoje \u017eivljenje. Znanje in ve\u0161\u010dine sem pridobival pri mojstrih, ki so mi pri\u0161li na pot, ter na Peter Hess akademiji. <\/p>\n\n\n\n<p>Zvo\u010dne gong kopeli ustvarjam individualno in po potrebah vsakega posameznika. Na voljo so tudi skupinske gong kopeli \u0161irom Slovenije. Odprt sem tudi za sodelovanja s podjetji, dru\u0161tvi, zavodi, termami, \u0161olami, vrtci (promocija zdravja na delovnem mestu + Team Building delavnice).<\/p>\n\n\n\n<p>Nudim tudi blagodejne <strong>zvo\u010dne masa\u017ee s tibetanskimi posodami Peter Hess\u00ae.<\/strong><\/p>\n\n\n\n<p><strong>T:&nbsp;<\/strong>031-702-583<br><strong>E:&nbsp;<\/strong>alesifko@gmail.com<br><br>Sledite mi lahko na&nbsp;<strong><a href=\"https:\/\/www.facebook.com\/GongOaza\" target=\"_blank\" rel=\"noreferrer noopener\">Facebooku<\/a>&nbsp;<\/strong>in&nbsp;<strong><a href=\"https:\/\/www.instagram.com\/gongoaza\/\" target=\"_blank\" rel=\"noreferrer noopener\">Instagramu<\/a>.<\/strong><\/p>\n\n\n\n<p><\/p>\n","protected":false},"excerpt":{"rendered":"<p>Sem zvo\u010dni kreator, ki nudi blagodejni zvok ~ vibracije ~ frekvence gonga ter drugih prvinskih glasbil za vse tiste, ki si \u017eelite globinske sprostitve telesa, uma in duha, stika s sabo, ravnovesja in stopiti na pot samospoznavanja. S holisti\u010dnim zvokom gonga sem se spoznal \u017ee v letu 2011 in ga radostno ponesel v svoje \u017eivljenje. &hellip; <\/p>\n<p class=\"link-more\"><a href=\"https:\/\/alesifko.si\/index.php\/o-meni\/\" class=\"more-link\">Preberi ve\u010d<span class=\"screen-reader-text\"> &#8220;O meni&#8221;<\/span><\/a><\/p>\n","protected":false},"author":1,"featured_media":70,"parent":0,"menu_order":0,"comment_status":"closed","ping_status":"closed","template":"","meta":{"footnotes":""},"class_list":["post-797","page","type-page","status-publish","has-post-thumbnail","hentry"],"aioseo_notices":[],"jetpack_sharing_enabled":true,"_links":{"self":[{"href":"https:\/\/alesifko.si\/index.php\/wp-json\/wp\/v2\/pages\/797","targetHints":{"allow":["GET"]}}],"collection":[{"href":"https:\/\/alesifko.si\/index.php\/wp-json\/wp\/v2\/pages"}],"about":[{"href":"https:\/\/alesifko.si\/index.php\/wp-json\/wp\/v2\/types\/page"}],"author":[{"embeddable":true,"href":"https:\/\/alesifko.si\/index.php\/wp-json\/wp\/v2\/users\/1"}],"replies":[{"embeddable":true,"href":"https:\/\/alesifko.si\/index.php\/wp-json\/wp\/v2\/comments?post=797"}],"version-history":[{"count":70,"href":"https:\/\/alesifko.si\/index.php\/wp-json\/wp\/v2\/pages\/797\/revisions"}],"predecessor-version":[{"id":4137,"href":"https:\/\/alesifko.si\/index.php\/wp-json\/wp\/v2\/pages\/797\/revisions\/4137"}],"wp:featuredmedia":[{"embeddable":true,"href":"https:\/\/alesifko.si\/index.php\/wp-json\/wp\/v2\/media\/70"}],"wp:attachment":[{"href":"https:\/\/alesifko.si\/index.php\/wp-json\/wp\/v2\/media?parent=797"}],"curies":[{"name":"wp","href":"https:\/\/api.w.org\/{rel}","templated":true}]}}