{"id":8,"date":"2020-10-19T20:39:55","date_gmt":"2020-10-19T19:39:55","guid":{"rendered":"https:\/\/alesifko.si\/?page_id=8"},"modified":"2026-04-22T08:26:23","modified_gmt":"2026-04-22T06:26:23","slug":"domov","status":"publish","type":"page","link":"https:\/\/alesifko.si\/","title":{"rendered":"Domov"},"content":{"rendered":"\n<p style=\"font-size:16px\"><strong>DOBRODO\u0160LI V GONG OAZO \u2013 KJER SE PRVINSKI ZVOK DOTAKNE TVOJEGA BISTVA<\/strong><\/p>\n\n\n\n<p>Sem Ale\u0161 Ifko, ustvarjalec Gong Oaze \u2013 prostora, kjer se lahko umiri\u0161, sprosti\u0161 in ponovno pove\u017ee\u0161 s sabo. S pomo\u010djo ne\u017enih vibracij in zvokov prvinskih glasbil, ki izvirajo iz starodavnih kultur, podprem tvoje telo in um, da najdeta svoj naravni ritem. Vsako sre\u010danje je intuitivno vodeno in prilagojeno tvoji energiji. Zvok je tu most med vidnim in nevidnim, med zunanjim svetom in tvojim resni\u010dnim jazom.<\/p>\n\n\n\n<ul class=\"wp-block-list\">\n<li><a style=\"font-weight: bold;\" href=\"https:\/\/alesifko.si\/index.php\/zvocna-gong-kopel\/\" title=\"\">Zvo\u010dna gong kopel<\/a> &#8211; potovanje, ki prebuja du\u0161o, spro\u0161\u010da telo in umirja um<\/li>\n<\/ul>\n\n\n\n<ul class=\"wp-block-list\">\n<li><a href=\"https:\/\/alesifko.si\/index.php\/masaza-s-tibetanskimi-posodami\/\" title=\"\"><strong>Zvo\u010dna masa\u017ea s tibetanskimi posodami <\/strong><\/a>&#8211; vibracijsko pre\u010disti in napolni tvojo energijo<\/li>\n<\/ul>\n\n\n\n<p>Poleg individualnih terapij izvajam tudi skupinske gong kopeli, zvo\u010dne dogodke za podjetja in <a href=\"https:\/\/alesifko.si\/index.php\/promocija-zdravja-na-delovnem-mestu\/\" title=\"\"><strong>promocijo zdravja na delovnem mestu<\/strong>.<\/a><\/p>\n\n\n\n<p><strong>T:<\/strong> 031 702 583 <br><strong>E:<\/strong> alesifko@gmail.com <br>Sledite mi lahko na <strong><a href=\"https:\/\/www.facebook.com\/GongOaza\" target=\"_blank\" rel=\"noopener\" title=\"\">Facebooku<\/a><\/strong> in <strong><a href=\"https:\/\/www.instagram.com\/gongoaza\/\" target=\"_blank\" rel=\"noopener\" title=\"\">Instagramu<\/a><\/strong><\/p>\n\n\n\n<figure class=\"wp-block-image size-large\"><img loading=\"lazy\" decoding=\"async\" width=\"1024\" height=\"800\" src=\"https:\/\/alesifko.si\/wp-content\/uploads\/2021\/07\/gong-oaza-logotip-final-1-1024x800.jpg\" alt=\"gong oaza\" class=\"wp-image-803\" title=\"gong oaza\" srcset=\"https:\/\/alesifko.si\/wp-content\/uploads\/2021\/07\/gong-oaza-logotip-final-1-1024x800.jpg 1024w, https:\/\/alesifko.si\/wp-content\/uploads\/2021\/07\/gong-oaza-logotip-final-1-300x234.jpg 300w, https:\/\/alesifko.si\/wp-content\/uploads\/2021\/07\/gong-oaza-logotip-final-1-768x600.jpg 768w, https:\/\/alesifko.si\/wp-content\/uploads\/2021\/07\/gong-oaza-logotip-final-1-1536x1200.jpg 1536w, https:\/\/alesifko.si\/wp-content\/uploads\/2021\/07\/gong-oaza-logotip-final-1.jpg 1538w\" sizes=\"auto, (max-width: 767px) 89vw, (max-width: 1000px) 54vw, (max-width: 1071px) 543px, 580px\" \/><\/figure>\n","protected":false},"excerpt":{"rendered":"<p>DOBRODO\u0160LI V GONG OAZO \u2013 KJER SE PRVINSKI ZVOK DOTAKNE TVOJEGA BISTVA Sem Ale\u0161 Ifko, ustvarjalec Gong Oaze \u2013 prostora, kjer se lahko umiri\u0161, sprosti\u0161 in ponovno pove\u017ee\u0161 s sabo. S pomo\u010djo ne\u017enih vibracij in zvokov prvinskih glasbil, ki izvirajo iz starodavnih kultur, podprem tvoje telo in um, da najdeta svoj naravni ritem. Vsako sre\u010danje &hellip; <\/p>\n<p class=\"link-more\"><a href=\"https:\/\/alesifko.si\/\" class=\"more-link\">Preberi ve\u010d<span class=\"screen-reader-text\"> &#8220;Domov&#8221;<\/span><\/a><\/p>\n","protected":false},"author":1,"featured_media":0,"parent":0,"menu_order":0,"comment_status":"closed","ping_status":"closed","template":"","meta":{"footnotes":""},"class_list":["post-8","page","type-page","status-publish","hentry"],"aioseo_notices":[],"jetpack_sharing_enabled":true,"_links":{"self":[{"href":"https:\/\/alesifko.si\/index.php\/wp-json\/wp\/v2\/pages\/8","targetHints":{"allow":["GET"]}}],"collection":[{"href":"https:\/\/alesifko.si\/index.php\/wp-json\/wp\/v2\/pages"}],"about":[{"href":"https:\/\/alesifko.si\/index.php\/wp-json\/wp\/v2\/types\/page"}],"author":[{"embeddable":true,"href":"https:\/\/alesifko.si\/index.php\/wp-json\/wp\/v2\/users\/1"}],"replies":[{"embeddable":true,"href":"https:\/\/alesifko.si\/index.php\/wp-json\/wp\/v2\/comments?post=8"}],"version-history":[{"count":200,"href":"https:\/\/alesifko.si\/index.php\/wp-json\/wp\/v2\/pages\/8\/revisions"}],"predecessor-version":[{"id":4139,"href":"https:\/\/alesifko.si\/index.php\/wp-json\/wp\/v2\/pages\/8\/revisions\/4139"}],"wp:attachment":[{"href":"https:\/\/alesifko.si\/index.php\/wp-json\/wp\/v2\/media?parent=8"}],"curies":[{"name":"wp","href":"https:\/\/api.w.org\/{rel}","templated":true}]}}